{"id":178,"date":"2024-05-27T14:54:42","date_gmt":"2024-05-27T14:54:42","guid":{"rendered":"http:\/\/laboratorio-leb.local\/?page_id=178"},"modified":"2024-12-18T13:22:55","modified_gmt":"2024-12-18T13:22:55","slug":"quienes-somos","status":"publish","type":"page","link":"https:\/\/leblaboratorio.com.ar\/web\/quienes-somos\/","title":{"rendered":"\u00bfQui\u00e9nes Somos?"},"content":{"rendered":"\t\t<div data-elementor-type=\"wp-page\" data-elementor-id=\"178\" class=\"elementor elementor-178\" data-elementor-post-type=\"page\">\n\t\t\t\t<div class=\"elementor-element elementor-element-6d1fb83 e-con-full e-flex e-con e-parent\" data-id=\"6d1fb83\" data-element_type=\"container\" data-e-type=\"container\">\n\t\t<div class=\"elementor-element elementor-element-a4e3f66 e-con-full e-flex e-con e-child\" data-id=\"a4e3f66\" data-element_type=\"container\" data-e-type=\"container\">\n\t\t<div class=\"elementor-element elementor-element-c188a4b e-con-full e-flex e-con e-child\" data-id=\"c188a4b\" data-element_type=\"container\" data-e-type=\"container\">\n\t\t\t\t<div class=\"elementor-element elementor-element-e9aec4d elementor-widget__width-initial elementor-widget elementor-widget-heading\" data-id=\"e9aec4d\" data-element_type=\"widget\" data-e-type=\"widget\" data-widget_type=\"heading.default\">\n\t\t\t\t<div class=\"elementor-widget-container\">\n\t\t\t\t\t<h2 class=\"elementor-heading-title elementor-size-default\">\u00bfQui\u00e9nes Somos?<\/h2>\t\t\t\t<\/div>\n\t\t\t\t<\/div>\n\t\t\t\t<div class=\"elementor-element elementor-element-bd0595a elementor-widget__width-initial elementor-widget elementor-widget-heading\" data-id=\"bd0595a\" data-element_type=\"widget\" data-e-type=\"widget\" data-widget_type=\"heading.default\">\n\t\t\t\t<div class=\"elementor-widget-container\">\n\t\t\t\t\t<h2 class=\"elementor-heading-title elementor-size-default\">Somos un laboratorio conformado por un equipo multidisciplinario de especialistas en diagn\u00f3stico celular y molecular. Ubicados en la ciudad de Bah\u00eda Blanca y con m\u00e1s de 15 a\u00f1os de trayectoria, brindamos servicios de an\u00e1lisis cl\u00ednicos a la comunidad e instituciones de salud en las \u00e1reas de:<\/h2>\t\t\t\t<\/div>\n\t\t\t\t<\/div>\n\t\t<div class=\"elementor-element elementor-element-a806b6d e-flex e-con-boxed e-con e-child\" data-id=\"a806b6d\" data-element_type=\"container\" data-e-type=\"container\">\n\t\t\t\t\t<div class=\"e-con-inner\">\n\t\t<div class=\"elementor-element elementor-element-6b1d78f e-flex e-con-boxed e-con e-child\" data-id=\"6b1d78f\" data-element_type=\"container\" data-e-type=\"container\">\n\t\t\t\t\t<div class=\"e-con-inner\">\n\t\t\t\t<div class=\"elementor-element elementor-element-e9a3f45 elementor-icon-list--layout-traditional elementor-list-item-link-full_width elementor-widget elementor-widget-icon-list\" data-id=\"e9a3f45\" data-element_type=\"widget\" data-e-type=\"widget\" data-widget_type=\"icon-list.default\">\n\t\t\t\t<div class=\"elementor-widget-container\">\n\t\t\t\t\t\t\t<ul class=\"elementor-icon-list-items\">\n\t\t\t\t\t\t\t<li class=\"elementor-icon-list-item\">\n\t\t\t\t\t\t\t\t\t\t\t<span class=\"elementor-icon-list-icon\">\n\t\t\t\t\t\t\t<svg aria-hidden=\"true\" class=\"e-font-icon-svg e-fas-circle\" viewBox=\"0 0 512 512\" xmlns=\"http:\/\/www.w3.org\/2000\/svg\"><path d=\"M256 8C119 8 8 119 8 256s111 248 248 248 248-111 248-248S393 8 256 8z\"><\/path><\/svg>\t\t\t\t\t\t<\/span>\n\t\t\t\t\t\t\t\t\t\t<span class=\"elementor-icon-list-text\">Citometr\u00eda de flujo<\/span>\n\t\t\t\t\t\t\t\t\t<\/li>\n\t\t\t\t\t\t\t\t<li class=\"elementor-icon-list-item\">\n\t\t\t\t\t\t\t\t\t\t\t<span class=\"elementor-icon-list-icon\">\n\t\t\t\t\t\t\t<svg aria-hidden=\"true\" class=\"e-font-icon-svg e-fas-circle\" viewBox=\"0 0 512 512\" xmlns=\"http:\/\/www.w3.org\/2000\/svg\"><path d=\"M256 8C119 8 8 119 8 256s111 248 248 248 248-111 248-248S393 8 256 8z\"><\/path><\/svg>\t\t\t\t\t\t<\/span>\n\t\t\t\t\t\t\t\t\t\t<span class=\"elementor-icon-list-text\">Citogen\u00e9tica convencional y molecular (FISH)<\/span>\n\t\t\t\t\t\t\t\t\t<\/li>\n\t\t\t\t\t\t\t\t<li class=\"elementor-icon-list-item\">\n\t\t\t\t\t\t\t\t\t\t\t<span class=\"elementor-icon-list-icon\">\n\t\t\t\t\t\t\t<svg aria-hidden=\"true\" class=\"e-font-icon-svg e-fas-circle\" viewBox=\"0 0 512 512\" xmlns=\"http:\/\/www.w3.org\/2000\/svg\"><path d=\"M256 8C119 8 8 119 8 256s111 248 248 248 248-111 248-248S393 8 256 8z\"><\/path><\/svg>\t\t\t\t\t\t<\/span>\n\t\t\t\t\t\t\t\t\t\t<span class=\"elementor-icon-list-text\">Oncolog\u00eda cl\u00ednica<\/span>\n\t\t\t\t\t\t\t\t\t<\/li>\n\t\t\t\t\t\t<\/ul>\n\t\t\t\t\t\t<\/div>\n\t\t\t\t<\/div>\n\t\t\t\t\t<\/div>\n\t\t\t\t<\/div>\n\t\t<div class=\"elementor-element elementor-element-5a81e2b e-flex e-con-boxed e-con e-child\" data-id=\"5a81e2b\" data-element_type=\"container\" data-e-type=\"container\">\n\t\t\t\t\t<div class=\"e-con-inner\">\n\t\t\t\t<div class=\"elementor-element elementor-element-4c06b20 elementor-icon-list--layout-traditional elementor-list-item-link-full_width elementor-widget elementor-widget-icon-list\" data-id=\"4c06b20\" data-element_type=\"widget\" data-e-type=\"widget\" data-widget_type=\"icon-list.default\">\n\t\t\t\t<div class=\"elementor-widget-container\">\n\t\t\t\t\t\t\t<ul class=\"elementor-icon-list-items\">\n\t\t\t\t\t\t\t<li class=\"elementor-icon-list-item\">\n\t\t\t\t\t\t\t\t\t\t\t<span class=\"elementor-icon-list-icon\">\n\t\t\t\t\t\t\t<svg aria-hidden=\"true\" class=\"e-font-icon-svg e-fas-circle\" viewBox=\"0 0 512 512\" xmlns=\"http:\/\/www.w3.org\/2000\/svg\"><path d=\"M256 8C119 8 8 119 8 256s111 248 248 248 248-111 248-248S393 8 256 8z\"><\/path><\/svg>\t\t\t\t\t\t<\/span>\n\t\t\t\t\t\t\t\t\t\t<span class=\"elementor-icon-list-text\">Bioqu\u00edmica cl\u00ednica<\/span>\n\t\t\t\t\t\t\t\t\t<\/li>\n\t\t\t\t\t\t\t\t<li class=\"elementor-icon-list-item\">\n\t\t\t\t\t\t\t\t\t\t\t<span class=\"elementor-icon-list-icon\">\n\t\t\t\t\t\t\t<svg aria-hidden=\"true\" class=\"e-font-icon-svg e-fas-circle\" viewBox=\"0 0 512 512\" xmlns=\"http:\/\/www.w3.org\/2000\/svg\"><path d=\"M256 8C119 8 8 119 8 256s111 248 248 248 248-111 248-248S393 8 256 8z\"><\/path><\/svg>\t\t\t\t\t\t<\/span>\n\t\t\t\t\t\t\t\t\t\t<span class=\"elementor-icon-list-text\">Biolog\u00eda molecular<\/span>\n\t\t\t\t\t\t\t\t\t<\/li>\n\t\t\t\t\t\t<\/ul>\n\t\t\t\t\t\t<\/div>\n\t\t\t\t<\/div>\n\t\t\t\t\t<\/div>\n\t\t\t\t<\/div>\n\t\t\t\t\t<\/div>\n\t\t\t\t<\/div>\n\t\t\t\t<\/div>\n\t\t\t\t<\/div>\n\t\t<div class=\"elementor-element elementor-element-5e23392 e-con-full e-flex e-con e-child\" data-id=\"5e23392\" data-element_type=\"container\" data-e-type=\"container\" data-settings=\"{&quot;background_background&quot;:&quot;classic&quot;}\">\n\t\t\t\t<div class=\"elementor-element elementor-element-202b823 elementor-hidden-mobile elementor-widget elementor-widget-image\" data-id=\"202b823\" data-element_type=\"widget\" data-e-type=\"widget\" data-widget_type=\"image.default\">\n\t\t\t\t<div class=\"elementor-widget-container\">\n\t\t\t\t\t\t\t\t\t\t\t\t\t\t\t<img fetchpriority=\"high\" decoding=\"async\" width=\"563\" height=\"1024\" src=\"https:\/\/leblaboratorio.com.ar\/web\/wp-content\/uploads\/2024\/05\/interna-mask.svg\" class=\"attachment-large size-large wp-image-182\" alt=\"\" \/>\t\t\t\t\t\t\t\t\t\t\t\t\t\t\t<\/div>\n\t\t\t\t<\/div>\n\t\t\t\t<\/div>\n\t\t\t\t<\/div>\n\t\t<div class=\"elementor-element elementor-element-126c4b9 e-flex e-con-boxed e-con e-parent\" data-id=\"126c4b9\" data-element_type=\"container\" data-e-type=\"container\">\n\t\t\t\t\t<div class=\"e-con-inner\">\n\t\t<div class=\"elementor-element elementor-element-bf314e9 e-con-full e-flex e-con e-child\" data-id=\"bf314e9\" data-element_type=\"container\" data-e-type=\"container\">\n\t\t\t\t<div class=\"elementor-element elementor-element-c7c2380 elementor-widget elementor-widget-image\" data-id=\"c7c2380\" data-element_type=\"widget\" data-e-type=\"widget\" data-widget_type=\"image.default\">\n\t\t\t\t<div class=\"elementor-widget-container\">\n\t\t\t\t\t\t\t\t\t\t\t\t\t\t\t<img decoding=\"async\" width=\"468\" height=\"456\" src=\"https:\/\/leblaboratorio.com.ar\/web\/wp-content\/uploads\/2024\/05\/30anios.webp\" class=\"attachment-large size-large wp-image-187\" alt=\"\" srcset=\"https:\/\/leblaboratorio.com.ar\/web\/wp-content\/uploads\/2024\/05\/30anios.webp 468w, https:\/\/leblaboratorio.com.ar\/web\/wp-content\/uploads\/2024\/05\/30anios-300x292.webp 300w\" sizes=\"(max-width: 468px) 100vw, 468px\" \/>\t\t\t\t\t\t\t\t\t\t\t\t\t\t\t<\/div>\n\t\t\t\t<\/div>\n\t\t\t\t<\/div>\n\t\t<div class=\"elementor-element elementor-element-059dbb5 e-con-full e-flex e-con e-child\" data-id=\"059dbb5\" data-element_type=\"container\" data-e-type=\"container\">\n\t\t\t\t<div class=\"elementor-element elementor-element-09b5c4d elementor-widget elementor-widget-heading\" data-id=\"09b5c4d\" data-element_type=\"widget\" data-e-type=\"widget\" data-widget_type=\"heading.default\">\n\t\t\t\t<div class=\"elementor-widget-container\">\n\t\t\t\t\t<h2 class=\"elementor-heading-title elementor-size-default\">Tecnolog\u00eda de vanguardia<\/h2>\t\t\t\t<\/div>\n\t\t\t\t<\/div>\n\t\t\t\t<div class=\"elementor-element elementor-element-7c82bb4 elementor-widget__width-initial elementor-widget elementor-widget-text-editor\" data-id=\"7c82bb4\" data-element_type=\"widget\" data-e-type=\"widget\" data-widget_type=\"text-editor.default\">\n\t\t\t\t<div class=\"elementor-widget-container\">\n\t\t\t\t\t\t\t\t\t<p>Nos destacamos por contar con tecnolog\u00eda y equipos de \u00faltima generaci\u00f3n, lo que nos permite llevar a cabo t\u00e9cnicas de diagn\u00f3stico y seguimiento alineadas con los est\u00e1ndares internacionales.<\/p>\t\t\t\t\t\t\t\t<\/div>\n\t\t\t\t<\/div>\n\t\t\t\t<\/div>\n\t\t\t\t\t<\/div>\n\t\t\t\t<\/div>\n\t\t<div class=\"elementor-element elementor-element-9c8e499 e-flex e-con-boxed e-con e-parent\" data-id=\"9c8e499\" data-element_type=\"container\" data-e-type=\"container\">\n\t\t\t\t\t<div class=\"e-con-inner\">\n\t\t<div class=\"elementor-element elementor-element-b456aa4 e-con-full e-flex e-con e-child\" data-id=\"b456aa4\" data-element_type=\"container\" data-e-type=\"container\">\n\t\t\t\t<div class=\"elementor-element elementor-element-b012ef3 elementor-widget elementor-widget-image\" data-id=\"b012ef3\" data-element_type=\"widget\" data-e-type=\"widget\" data-widget_type=\"image.default\">\n\t\t\t\t<div class=\"elementor-widget-container\">\n\t\t\t\t\t\t\t\t\t\t\t\t\t\t\t<img decoding=\"async\" width=\"473\" height=\"455\" src=\"https:\/\/leblaboratorio.com.ar\/web\/wp-content\/uploads\/2024\/09\/adn.webp\" class=\"attachment-large size-large wp-image-567\" alt=\"\" srcset=\"https:\/\/leblaboratorio.com.ar\/web\/wp-content\/uploads\/2024\/09\/adn.webp 473w, https:\/\/leblaboratorio.com.ar\/web\/wp-content\/uploads\/2024\/09\/adn-300x289.webp 300w\" sizes=\"(max-width: 473px) 100vw, 473px\" \/>\t\t\t\t\t\t\t\t\t\t\t\t\t\t\t<\/div>\n\t\t\t\t<\/div>\n\t\t\t\t<\/div>\n\t\t<div class=\"elementor-element elementor-element-3ff2c67 e-con-full e-flex e-con e-child\" data-id=\"3ff2c67\" data-element_type=\"container\" data-e-type=\"container\">\n\t\t\t\t<div class=\"elementor-element elementor-element-ae535da elementor-widget__width-initial elementor-widget elementor-widget-heading\" data-id=\"ae535da\" data-element_type=\"widget\" data-e-type=\"widget\" data-widget_type=\"heading.default\">\n\t\t\t\t<div class=\"elementor-widget-container\">\n\t\t\t\t\t<h2 class=\"elementor-heading-title elementor-size-default\">Enfoque personalizado<\/h2>\t\t\t\t<\/div>\n\t\t\t\t<\/div>\n\t\t\t\t<div class=\"elementor-element elementor-element-c551365 elementor-widget__width-initial elementor-widget elementor-widget-text-editor\" data-id=\"c551365\" data-element_type=\"widget\" data-e-type=\"widget\" data-widget_type=\"text-editor.default\">\n\t\t\t\t<div class=\"elementor-widget-container\">\n\t\t\t\t\t\t\t\t\t<p>La detecci\u00f3n de alteraciones moleculares espec\u00edficas de cada patolog\u00eda es esencial para realizar un diagn\u00f3stico preciso y prever su evoluci\u00f3n, as\u00ed como tambi\u00e9n monitorear al paciente durante el tratamiento. LEB ofrece un servicio integral en an\u00e1lisis cl\u00ednicos especializados en oncolog\u00eda y oncohematolog\u00eda, adaptados a las necesidades de cada paciente.<\/p><p>Con la mirada puesta en el futuro, LEB se dedica a la actualizaci\u00f3n constante de sus procedimientos y al desarrollo profesional de su equipo. A lo largo de los a\u00f1os, hemos fortalecido nuestras colaboraciones interdisciplinarias y actualizado nuestra tecnolog\u00eda para responder a las demandas din\u00e1micas del entorno cl\u00ednico. <strong>Este compromiso nos impulsa a seguir evolucionando y garantizando el mejor servicio para nuestros pacientes.<\/strong><\/p>\t\t\t\t\t\t\t\t<\/div>\n\t\t\t\t<\/div>\n\t\t\t\t<div class=\"elementor-element elementor-element-edea110 elementor-widget elementor-widget-button\" data-id=\"edea110\" data-element_type=\"widget\" data-e-type=\"widget\" data-widget_type=\"button.default\">\n\t\t\t\t<div class=\"elementor-widget-container\">\n\t\t\t\t\t\t\t\t\t<div class=\"elementor-button-wrapper\">\n\t\t\t\t\t<a class=\"elementor-button elementor-button-link elementor-size-sm\" href=\"https:\/\/leblaboratorio.com.ar\/web\/estudios-de-laboratorio\/\">\n\t\t\t\t\t\t<span class=\"elementor-button-content-wrapper\">\n\t\t\t\t\t\t\t\t\t<span class=\"elementor-button-text\">VER ESTUDIOS<\/span>\n\t\t\t\t\t<\/span>\n\t\t\t\t\t<\/a>\n\t\t\t\t<\/div>\n\t\t\t\t\t\t\t\t<\/div>\n\t\t\t\t<\/div>\n\t\t\t\t<\/div>\n\t\t\t\t\t<\/div>\n\t\t\t\t<\/div>\n\t\t<div class=\"elementor-element elementor-element-a2a0e66 e-flex e-con-boxed e-con e-parent\" data-id=\"a2a0e66\" data-element_type=\"container\" data-e-type=\"container\" data-settings=\"{&quot;background_background&quot;:&quot;classic&quot;,&quot;background_motion_fx_motion_fx_scrolling&quot;:&quot;yes&quot;,&quot;background_motion_fx_translateY_effect&quot;:&quot;yes&quot;,&quot;background_motion_fx_devices&quot;:[&quot;desktop&quot;,&quot;tablet&quot;],&quot;background_motion_fx_translateY_speed&quot;:{&quot;unit&quot;:&quot;px&quot;,&quot;size&quot;:4,&quot;sizes&quot;:[]},&quot;background_motion_fx_translateY_affectedRange&quot;:{&quot;unit&quot;:&quot;%&quot;,&quot;size&quot;:&quot;&quot;,&quot;sizes&quot;:{&quot;start&quot;:0,&quot;end&quot;:100}}}\">\n\t\t\t\t\t<div class=\"e-con-inner\">\n\t\t<div class=\"elementor-element elementor-element-03cf768 e-con-full e-flex e-con e-child\" data-id=\"03cf768\" data-element_type=\"container\" data-e-type=\"container\">\n\t\t\t\t<div class=\"elementor-element elementor-element-ac93afc elementor-widget__width-initial elementor-widget elementor-widget-heading\" data-id=\"ac93afc\" data-element_type=\"widget\" data-e-type=\"widget\" data-widget_type=\"heading.default\">\n\t\t\t\t<div class=\"elementor-widget-container\">\n\t\t\t\t\t<h2 class=\"elementor-heading-title elementor-size-default\">Valores<\/h2>\t\t\t\t<\/div>\n\t\t\t\t<\/div>\n\t\t\t\t<div class=\"elementor-element elementor-element-166edad elementor-widget__width-initial elementor-widget elementor-widget-text-editor\" data-id=\"166edad\" data-element_type=\"widget\" data-e-type=\"widget\" data-widget_type=\"text-editor.default\">\n\t\t\t\t<div class=\"elementor-widget-container\">\n\t\t\t\t\t\t\t\t\t<p><strong>Calidad:<\/strong> Aseguramos que los an\u00e1lisis cl\u00ednicos cumplan con las normativas y est\u00e1ndares internacionales, garantizando as\u00ed la m\u00e1xima calidad en cada uno de nuestros procesos.<\/p><p><strong>Compromiso social:<\/strong> Brindamos an\u00e1lisis cl\u00ednicos de m\u00e1xima calidad, contribuyendo al bienestar y la salud de nuestros pacientes.<\/p><p><strong>Trabajo en equipo:<\/strong> Fomentamos un ambiente colaborativo donde cada profesional del equipo aporta su experiencia y conocimientos para alcanzar nuestros objetivos comunes.<\/p><p><strong>Innovaci\u00f3n:<\/strong> Buscamos constantemente nuevas tecnolog\u00edas y m\u00e9todos para mejorar nuestros servicios y ofrecer diagn\u00f3sticos m\u00e1s precisos.<\/p><p><strong>Formaci\u00f3n continua:<\/strong> Valoramos el desarrollo profesional y personal de nuestro equipo, promoviendo la capacitaci\u00f3n constante para asegurar su crecimiento y excelencia en el desempe\u00f1o de sus funciones.<\/p>\t\t\t\t\t\t\t\t<\/div>\n\t\t\t\t<\/div>\n\t\t\t\t<\/div>\n\t\t<div class=\"elementor-element elementor-element-591eaff e-con-full e-flex e-con e-child\" data-id=\"591eaff\" data-element_type=\"container\" data-e-type=\"container\">\n\t\t<div class=\"elementor-element elementor-element-e28c497 e-con-full e-flex e-con e-child\" data-id=\"e28c497\" data-element_type=\"container\" data-e-type=\"container\">\n\t\t\t\t<div class=\"elementor-element elementor-element-66e7729 elementor-widget__width-initial elementor-widget elementor-widget-heading\" data-id=\"66e7729\" data-element_type=\"widget\" data-e-type=\"widget\" data-widget_type=\"heading.default\">\n\t\t\t\t<div class=\"elementor-widget-container\">\n\t\t\t\t\t<h2 class=\"elementor-heading-title elementor-size-default\">Misi\u00f3n<\/h2>\t\t\t\t<\/div>\n\t\t\t\t<\/div>\n\t\t\t\t<div class=\"elementor-element elementor-element-491e083 elementor-widget__width-initial elementor-widget elementor-widget-text-editor\" data-id=\"491e083\" data-element_type=\"widget\" data-e-type=\"widget\" data-widget_type=\"text-editor.default\">\n\t\t\t\t<div class=\"elementor-widget-container\">\n\t\t\t\t\t\t\t\t\t<p>Estamos comprometidos con\u00a0 garantizar un enfoque personalizado a la salud de nuestros pacientes<\/p>\t\t\t\t\t\t\t\t<\/div>\n\t\t\t\t<\/div>\n\t\t\t\t<\/div>\n\t\t<div class=\"elementor-element elementor-element-cd1bfce e-con-full e-flex e-con e-child\" data-id=\"cd1bfce\" data-element_type=\"container\" data-e-type=\"container\">\n\t\t\t\t<div class=\"elementor-element elementor-element-1e44e70 elementor-widget__width-initial elementor-widget elementor-widget-heading\" data-id=\"1e44e70\" data-element_type=\"widget\" data-e-type=\"widget\" data-widget_type=\"heading.default\">\n\t\t\t\t<div class=\"elementor-widget-container\">\n\t\t\t\t\t<h2 class=\"elementor-heading-title elementor-size-default\">Visi\u00f3n<\/h2>\t\t\t\t<\/div>\n\t\t\t\t<\/div>\n\t\t\t\t<div class=\"elementor-element elementor-element-020e084 elementor-widget__width-initial elementor-widget elementor-widget-text-editor\" data-id=\"020e084\" data-element_type=\"widget\" data-e-type=\"widget\" data-widget_type=\"text-editor.default\">\n\t\t\t\t<div class=\"elementor-widget-container\">\n\t\t\t\t\t\t\t\t\t<p>Contribuir al avance de la medicina personalizada a trav\u00e9s de diagn\u00f3sticos de laboratorio precisos impulsados en la innovaci\u00f3n tecnol\u00f3gica.<\/p>\t\t\t\t\t\t\t\t<\/div>\n\t\t\t\t<\/div>\n\t\t\t\t<\/div>\n\t\t\t\t<\/div>\n\t\t\t\t\t<\/div>\n\t\t\t\t<\/div>\n\t\t\t\t<\/div>\n\t\t","protected":false},"excerpt":{"rendered":"<p>Somos un laboratorio conformado por un equipo multidisciplinario de especialistas en diagn\u00f3stico celular y molecular. Ubicados en la ciudad de Bah\u00eda Blanca y con m\u00e1s de 15 a\u00f1os de trayectoria, brindamos servicios de an\u00e1lisis cl\u00ednicos a la comunidad e instituciones de salud en las \u00e1reas de: Citometr\u00eda de flujo Citogen\u00e9tica convencional y molecular (FISH) Oncolog\u00eda [&hellip;]<\/p>\n","protected":false},"author":1,"featured_media":0,"parent":0,"menu_order":0,"comment_status":"closed","ping_status":"closed","template":"elementor_header_footer","meta":{"_acf_changed":false,"inline_featured_image":false,"footnotes":""},"class_list":["post-178","page","type-page","status-publish","hentry"],"acf":[],"yoast_head":"<!-- This site is optimized with the Yoast SEO plugin v27.3 - https:\/\/yoast.com\/product\/yoast-seo-wordpress\/ -->\n<title>\u00bfQui\u00e9nes Somos? - LEB<\/title>\n<meta name=\"robots\" content=\"index, follow, max-snippet:-1, max-image-preview:large, max-video-preview:-1\" \/>\n<link rel=\"canonical\" href=\"https:\/\/leblaboratorio.com.ar\/web\/quienes-somos\/\" \/>\n<meta property=\"og:locale\" content=\"es_ES\" \/>\n<meta property=\"og:type\" content=\"article\" \/>\n<meta property=\"og:title\" content=\"\u00bfQui\u00e9nes Somos? - LEB\" \/>\n<meta property=\"og:description\" content=\"Somos un laboratorio conformado por un equipo multidisciplinario de especialistas en diagn\u00f3stico celular y molecular. Ubicados en la ciudad de Bah\u00eda Blanca y con m\u00e1s de 15 a\u00f1os de trayectoria, brindamos servicios de an\u00e1lisis cl\u00ednicos a la comunidad e instituciones de salud en las \u00e1reas de: Citometr\u00eda de flujo Citogen\u00e9tica convencional y molecular (FISH) Oncolog\u00eda [&hellip;]\" \/>\n<meta property=\"og:url\" content=\"https:\/\/leblaboratorio.com.ar\/web\/quienes-somos\/\" \/>\n<meta property=\"og:site_name\" content=\"LEB\" \/>\n<meta property=\"article:modified_time\" content=\"2024-12-18T13:22:55+00:00\" \/>\n<meta name=\"twitter:card\" content=\"summary_large_image\" \/>\n<meta name=\"twitter:label1\" content=\"Tiempo de lectura\" \/>\n\t<meta name=\"twitter:data1\" content=\"2 minutos\" \/>\n<script type=\"application\/ld+json\" class=\"yoast-schema-graph\">{\"@context\":\"https:\\\/\\\/schema.org\",\"@graph\":[{\"@type\":\"WebPage\",\"@id\":\"https:\\\/\\\/leblaboratorio.com.ar\\\/web\\\/quienes-somos\\\/\",\"url\":\"https:\\\/\\\/leblaboratorio.com.ar\\\/web\\\/quienes-somos\\\/\",\"name\":\"\u00bfQui\u00e9nes Somos? - LEB\",\"isPartOf\":{\"@id\":\"https:\\\/\\\/leblaboratorio.com.ar\\\/web\\\/#website\"},\"primaryImageOfPage\":{\"@id\":\"https:\\\/\\\/leblaboratorio.com.ar\\\/web\\\/quienes-somos\\\/#primaryimage\"},\"image\":{\"@id\":\"https:\\\/\\\/leblaboratorio.com.ar\\\/web\\\/quienes-somos\\\/#primaryimage\"},\"thumbnailUrl\":\"https:\\\/\\\/leblaboratorio.com.ar\\\/web\\\/wp-content\\\/uploads\\\/2024\\\/05\\\/interna-mask.svg\",\"datePublished\":\"2024-05-27T14:54:42+00:00\",\"dateModified\":\"2024-12-18T13:22:55+00:00\",\"breadcrumb\":{\"@id\":\"https:\\\/\\\/leblaboratorio.com.ar\\\/web\\\/quienes-somos\\\/#breadcrumb\"},\"inLanguage\":\"es-AR\",\"potentialAction\":[{\"@type\":\"ReadAction\",\"target\":[\"https:\\\/\\\/leblaboratorio.com.ar\\\/web\\\/quienes-somos\\\/\"]}]},{\"@type\":\"ImageObject\",\"inLanguage\":\"es-AR\",\"@id\":\"https:\\\/\\\/leblaboratorio.com.ar\\\/web\\\/quienes-somos\\\/#primaryimage\",\"url\":\"https:\\\/\\\/leblaboratorio.com.ar\\\/web\\\/wp-content\\\/uploads\\\/2024\\\/05\\\/interna-mask.svg\",\"contentUrl\":\"https:\\\/\\\/leblaboratorio.com.ar\\\/web\\\/wp-content\\\/uploads\\\/2024\\\/05\\\/interna-mask.svg\",\"width\":437,\"height\":797},{\"@type\":\"BreadcrumbList\",\"@id\":\"https:\\\/\\\/leblaboratorio.com.ar\\\/web\\\/quienes-somos\\\/#breadcrumb\",\"itemListElement\":[{\"@type\":\"ListItem\",\"position\":1,\"name\":\"Inicio\",\"item\":\"https:\\\/\\\/leblaboratorio.com.ar\\\/web\\\/\"},{\"@type\":\"ListItem\",\"position\":2,\"name\":\"\u00bfQui\u00e9nes Somos?\"}]},{\"@type\":\"WebSite\",\"@id\":\"https:\\\/\\\/leblaboratorio.com.ar\\\/web\\\/#website\",\"url\":\"https:\\\/\\\/leblaboratorio.com.ar\\\/web\\\/\",\"name\":\"LEB\",\"description\":\"Laboratorio de especialidades bioqu\u00edmicas\",\"potentialAction\":[{\"@type\":\"SearchAction\",\"target\":{\"@type\":\"EntryPoint\",\"urlTemplate\":\"https:\\\/\\\/leblaboratorio.com.ar\\\/web\\\/?s={search_term_string}\"},\"query-input\":{\"@type\":\"PropertyValueSpecification\",\"valueRequired\":true,\"valueName\":\"search_term_string\"}}],\"inLanguage\":\"es-AR\"}]}<\/script>\n<!-- \/ Yoast SEO plugin. -->","yoast_head_json":{"title":"\u00bfQui\u00e9nes Somos? - LEB","robots":{"index":"index","follow":"follow","max-snippet":"max-snippet:-1","max-image-preview":"max-image-preview:large","max-video-preview":"max-video-preview:-1"},"canonical":"https:\/\/leblaboratorio.com.ar\/web\/quienes-somos\/","og_locale":"es_ES","og_type":"article","og_title":"\u00bfQui\u00e9nes Somos? - LEB","og_description":"Somos un laboratorio conformado por un equipo multidisciplinario de especialistas en diagn\u00f3stico celular y molecular. Ubicados en la ciudad de Bah\u00eda Blanca y con m\u00e1s de 15 a\u00f1os de trayectoria, brindamos servicios de an\u00e1lisis cl\u00ednicos a la comunidad e instituciones de salud en las \u00e1reas de: Citometr\u00eda de flujo Citogen\u00e9tica convencional y molecular (FISH) Oncolog\u00eda [&hellip;]","og_url":"https:\/\/leblaboratorio.com.ar\/web\/quienes-somos\/","og_site_name":"LEB","article_modified_time":"2024-12-18T13:22:55+00:00","twitter_card":"summary_large_image","twitter_misc":{"Tiempo de lectura":"2 minutos"},"schema":{"@context":"https:\/\/schema.org","@graph":[{"@type":"WebPage","@id":"https:\/\/leblaboratorio.com.ar\/web\/quienes-somos\/","url":"https:\/\/leblaboratorio.com.ar\/web\/quienes-somos\/","name":"\u00bfQui\u00e9nes Somos? - LEB","isPartOf":{"@id":"https:\/\/leblaboratorio.com.ar\/web\/#website"},"primaryImageOfPage":{"@id":"https:\/\/leblaboratorio.com.ar\/web\/quienes-somos\/#primaryimage"},"image":{"@id":"https:\/\/leblaboratorio.com.ar\/web\/quienes-somos\/#primaryimage"},"thumbnailUrl":"https:\/\/leblaboratorio.com.ar\/web\/wp-content\/uploads\/2024\/05\/interna-mask.svg","datePublished":"2024-05-27T14:54:42+00:00","dateModified":"2024-12-18T13:22:55+00:00","breadcrumb":{"@id":"https:\/\/leblaboratorio.com.ar\/web\/quienes-somos\/#breadcrumb"},"inLanguage":"es-AR","potentialAction":[{"@type":"ReadAction","target":["https:\/\/leblaboratorio.com.ar\/web\/quienes-somos\/"]}]},{"@type":"ImageObject","inLanguage":"es-AR","@id":"https:\/\/leblaboratorio.com.ar\/web\/quienes-somos\/#primaryimage","url":"https:\/\/leblaboratorio.com.ar\/web\/wp-content\/uploads\/2024\/05\/interna-mask.svg","contentUrl":"https:\/\/leblaboratorio.com.ar\/web\/wp-content\/uploads\/2024\/05\/interna-mask.svg","width":437,"height":797},{"@type":"BreadcrumbList","@id":"https:\/\/leblaboratorio.com.ar\/web\/quienes-somos\/#breadcrumb","itemListElement":[{"@type":"ListItem","position":1,"name":"Inicio","item":"https:\/\/leblaboratorio.com.ar\/web\/"},{"@type":"ListItem","position":2,"name":"\u00bfQui\u00e9nes Somos?"}]},{"@type":"WebSite","@id":"https:\/\/leblaboratorio.com.ar\/web\/#website","url":"https:\/\/leblaboratorio.com.ar\/web\/","name":"LEB","description":"Laboratorio de especialidades bioqu\u00edmicas","potentialAction":[{"@type":"SearchAction","target":{"@type":"EntryPoint","urlTemplate":"https:\/\/leblaboratorio.com.ar\/web\/?s={search_term_string}"},"query-input":{"@type":"PropertyValueSpecification","valueRequired":true,"valueName":"search_term_string"}}],"inLanguage":"es-AR"}]}},"_links":{"self":[{"href":"https:\/\/leblaboratorio.com.ar\/web\/wp-json\/wp\/v2\/pages\/178","targetHints":{"allow":["GET"]}}],"collection":[{"href":"https:\/\/leblaboratorio.com.ar\/web\/wp-json\/wp\/v2\/pages"}],"about":[{"href":"https:\/\/leblaboratorio.com.ar\/web\/wp-json\/wp\/v2\/types\/page"}],"author":[{"embeddable":true,"href":"https:\/\/leblaboratorio.com.ar\/web\/wp-json\/wp\/v2\/users\/1"}],"replies":[{"embeddable":true,"href":"https:\/\/leblaboratorio.com.ar\/web\/wp-json\/wp\/v2\/comments?post=178"}],"version-history":[{"count":0,"href":"https:\/\/leblaboratorio.com.ar\/web\/wp-json\/wp\/v2\/pages\/178\/revisions"}],"wp:attachment":[{"href":"https:\/\/leblaboratorio.com.ar\/web\/wp-json\/wp\/v2\/media?parent=178"}],"curies":[{"name":"wp","href":"https:\/\/api.w.org\/{rel}","templated":true}]}}